{"id":355,"date":"2023-11-02T11:42:04","date_gmt":"2023-11-02T10:42:04","guid":{"rendered":"https:\/\/cercargo.usernet.hu\/?page_id=355"},"modified":"2023-11-02T11:42:28","modified_gmt":"2023-11-02T10:42:28","slug":"ajanlatkeres","status":"publish","type":"page","link":"https:\/\/cercargo.eu\/hu\/ajanlatkeres\/","title":{"rendered":"Aj\u00e1nlatk\u00e9r\u00e9s"},"content":{"rendered":"\n<p>Amennyiben valamely szolg\u00e1ltat\u00e1sunk felkeltette \u00e9rdekl\u0151d\u00e9s\u00e9t, k\u00e9rjen aj\u00e1nlatot koll\u00e9g\u00e1inkt\u00f3l az al\u00e1bbi el\u00e9rhet\u0151s\u00e9gen!<\/p>\n\n\n\n<p><a href=\"mailto:offers@cer.hu\"><strong>offers@cer.hu<\/strong><\/a><\/p>\n","protected":false},"excerpt":{"rendered":"<p>Amennyiben valamely szolg\u00e1ltat\u00e1sunk felkeltette \u00e9rdekl\u0151d\u00e9s\u00e9t, k\u00e9rjen aj\u00e1nlatot koll\u00e9g\u00e1inkt\u00f3l az al\u00e1bbi el\u00e9rhet\u0151s\u00e9gen! offers@cer.hu<\/p>\n","protected":false},"author":1,"featured_media":0,"parent":0,"menu_order":0,"comment_status":"closed","ping_status":"closed","template":"template-parts\/page-general.php","meta":{"_acf_changed":false,"footnotes":""},"class_list":["post-355","page","type-page","status-publish","hentry"],"acf":[],"yoast_head":"<!-- This site is optimized with the Yoast SEO plugin v26.8 - https:\/\/yoast.com\/product\/yoast-seo-wordpress\/ -->\n<title>Aj\u00e1nlatk\u00e9r\u00e9s - Cercargo<\/title>\n<meta name=\"robots\" content=\"index, follow, max-snippet:-1, max-image-preview:large, max-video-preview:-1\" \/>\n<link rel=\"canonical\" href=\"https:\/\/cercargo.eu\/hu\/ajanlatkeres\/\" \/>\n<meta property=\"og:locale\" content=\"hu_HU\" \/>\n<meta property=\"og:type\" content=\"article\" \/>\n<meta property=\"og:title\" content=\"Aj\u00e1nlatk\u00e9r\u00e9s - Cercargo\" \/>\n<meta property=\"og:description\" content=\"Amennyiben valamely szolg\u00e1ltat\u00e1sunk felkeltette \u00e9rdekl\u0151d\u00e9s\u00e9t, k\u00e9rjen aj\u00e1nlatot koll\u00e9g\u00e1inkt\u00f3l az al\u00e1bbi el\u00e9rhet\u0151s\u00e9gen! offers@cer.hu\" \/>\n<meta property=\"og:url\" content=\"https:\/\/cercargo.eu\/hu\/ajanlatkeres\/\" \/>\n<meta property=\"og:site_name\" content=\"Cercargo\" \/>\n<meta property=\"article:modified_time\" content=\"2023-11-02T10:42:28+00:00\" \/>\n<meta name=\"twitter:card\" content=\"summary_large_image\" \/>\n<script type=\"application\/ld+json\" class=\"yoast-schema-graph\">{\"@context\":\"https:\/\/schema.org\",\"@graph\":[{\"@type\":\"WebPage\",\"@id\":\"https:\/\/cercargo.eu\/hu\/ajanlatkeres\/\",\"url\":\"https:\/\/cercargo.eu\/hu\/ajanlatkeres\/\",\"name\":\"Aj\u00e1nlatk\u00e9r\u00e9s - Cercargo\",\"isPartOf\":{\"@id\":\"https:\/\/cercargo.eu\/#website\"},\"datePublished\":\"2023-11-02T10:42:04+00:00\",\"dateModified\":\"2023-11-02T10:42:28+00:00\",\"breadcrumb\":{\"@id\":\"https:\/\/cercargo.eu\/hu\/ajanlatkeres\/#breadcrumb\"},\"inLanguage\":\"hu\",\"potentialAction\":[{\"@type\":\"ReadAction\",\"target\":[\"https:\/\/cercargo.eu\/hu\/ajanlatkeres\/\"]}]},{\"@type\":\"BreadcrumbList\",\"@id\":\"https:\/\/cercargo.eu\/hu\/ajanlatkeres\/#breadcrumb\",\"itemListElement\":[{\"@type\":\"ListItem\",\"position\":1,\"name\":\"Home\",\"item\":\"https:\/\/cercargo.eu\/hu\/\"},{\"@type\":\"ListItem\",\"position\":2,\"name\":\"Aj\u00e1nlatk\u00e9r\u00e9s\"}]},{\"@type\":\"WebSite\",\"@id\":\"https:\/\/cercargo.eu\/#website\",\"url\":\"https:\/\/cercargo.eu\/\",\"name\":\"Cercargo\",\"description\":\"\",\"publisher\":{\"@id\":\"https:\/\/cercargo.eu\/#organization\"},\"potentialAction\":[{\"@type\":\"SearchAction\",\"target\":{\"@type\":\"EntryPoint\",\"urlTemplate\":\"https:\/\/cercargo.eu\/?s={search_term_string}\"},\"query-input\":{\"@type\":\"PropertyValueSpecification\",\"valueRequired\":true,\"valueName\":\"search_term_string\"}}],\"inLanguage\":\"hu\"},{\"@type\":\"Organization\",\"@id\":\"https:\/\/cercargo.eu\/#organization\",\"name\":\"Cercargo - Central European Railways\",\"url\":\"https:\/\/cercargo.eu\/\",\"logo\":{\"@type\":\"ImageObject\",\"inLanguage\":\"hu\",\"@id\":\"https:\/\/cercargo.eu\/#\/schema\/logo\/image\/\",\"url\":\"https:\/\/cercargo.eu\/wp-content\/uploads\/2023\/11\/android-chrome-512x512-1.png\",\"contentUrl\":\"https:\/\/cercargo.eu\/wp-content\/uploads\/2023\/11\/android-chrome-512x512-1.png\",\"width\":512,\"height\":512,\"caption\":\"Cercargo - Central European Railways\"},\"image\":{\"@id\":\"https:\/\/cercargo.eu\/#\/schema\/logo\/image\/\"},\"sameAs\":[\"https:\/\/www.linkedin.com\/company\/cer-cargo\/\"]}]}<\/script>\n<!-- \/ Yoast SEO plugin. -->","yoast_head_json":{"title":"Aj\u00e1nlatk\u00e9r\u00e9s - Cercargo","robots":{"index":"index","follow":"follow","max-snippet":"max-snippet:-1","max-image-preview":"max-image-preview:large","max-video-preview":"max-video-preview:-1"},"canonical":"https:\/\/cercargo.eu\/hu\/ajanlatkeres\/","og_locale":"hu_HU","og_type":"article","og_title":"Aj\u00e1nlatk\u00e9r\u00e9s - Cercargo","og_description":"Amennyiben valamely szolg\u00e1ltat\u00e1sunk felkeltette \u00e9rdekl\u0151d\u00e9s\u00e9t, k\u00e9rjen aj\u00e1nlatot koll\u00e9g\u00e1inkt\u00f3l az al\u00e1bbi el\u00e9rhet\u0151s\u00e9gen! offers@cer.hu","og_url":"https:\/\/cercargo.eu\/hu\/ajanlatkeres\/","og_site_name":"Cercargo","article_modified_time":"2023-11-02T10:42:28+00:00","twitter_card":"summary_large_image","schema":{"@context":"https:\/\/schema.org","@graph":[{"@type":"WebPage","@id":"https:\/\/cercargo.eu\/hu\/ajanlatkeres\/","url":"https:\/\/cercargo.eu\/hu\/ajanlatkeres\/","name":"Aj\u00e1nlatk\u00e9r\u00e9s - Cercargo","isPartOf":{"@id":"https:\/\/cercargo.eu\/#website"},"datePublished":"2023-11-02T10:42:04+00:00","dateModified":"2023-11-02T10:42:28+00:00","breadcrumb":{"@id":"https:\/\/cercargo.eu\/hu\/ajanlatkeres\/#breadcrumb"},"inLanguage":"hu","potentialAction":[{"@type":"ReadAction","target":["https:\/\/cercargo.eu\/hu\/ajanlatkeres\/"]}]},{"@type":"BreadcrumbList","@id":"https:\/\/cercargo.eu\/hu\/ajanlatkeres\/#breadcrumb","itemListElement":[{"@type":"ListItem","position":1,"name":"Home","item":"https:\/\/cercargo.eu\/hu\/"},{"@type":"ListItem","position":2,"name":"Aj\u00e1nlatk\u00e9r\u00e9s"}]},{"@type":"WebSite","@id":"https:\/\/cercargo.eu\/#website","url":"https:\/\/cercargo.eu\/","name":"Cercargo","description":"","publisher":{"@id":"https:\/\/cercargo.eu\/#organization"},"potentialAction":[{"@type":"SearchAction","target":{"@type":"EntryPoint","urlTemplate":"https:\/\/cercargo.eu\/?s={search_term_string}"},"query-input":{"@type":"PropertyValueSpecification","valueRequired":true,"valueName":"search_term_string"}}],"inLanguage":"hu"},{"@type":"Organization","@id":"https:\/\/cercargo.eu\/#organization","name":"Cercargo - Central European Railways","url":"https:\/\/cercargo.eu\/","logo":{"@type":"ImageObject","inLanguage":"hu","@id":"https:\/\/cercargo.eu\/#\/schema\/logo\/image\/","url":"https:\/\/cercargo.eu\/wp-content\/uploads\/2023\/11\/android-chrome-512x512-1.png","contentUrl":"https:\/\/cercargo.eu\/wp-content\/uploads\/2023\/11\/android-chrome-512x512-1.png","width":512,"height":512,"caption":"Cercargo - Central European Railways"},"image":{"@id":"https:\/\/cercargo.eu\/#\/schema\/logo\/image\/"},"sameAs":["https:\/\/www.linkedin.com\/company\/cer-cargo\/"]}]}},"_links":{"self":[{"href":"https:\/\/cercargo.eu\/hu\/wp-json\/wp\/v2\/pages\/355","targetHints":{"allow":["GET"]}}],"collection":[{"href":"https:\/\/cercargo.eu\/hu\/wp-json\/wp\/v2\/pages"}],"about":[{"href":"https:\/\/cercargo.eu\/hu\/wp-json\/wp\/v2\/types\/page"}],"author":[{"embeddable":true,"href":"https:\/\/cercargo.eu\/hu\/wp-json\/wp\/v2\/users\/1"}],"replies":[{"embeddable":true,"href":"https:\/\/cercargo.eu\/hu\/wp-json\/wp\/v2\/comments?post=355"}],"version-history":[{"count":2,"href":"https:\/\/cercargo.eu\/hu\/wp-json\/wp\/v2\/pages\/355\/revisions"}],"predecessor-version":[{"id":357,"href":"https:\/\/cercargo.eu\/hu\/wp-json\/wp\/v2\/pages\/355\/revisions\/357"}],"wp:attachment":[{"href":"https:\/\/cercargo.eu\/hu\/wp-json\/wp\/v2\/media?parent=355"}],"curies":[{"name":"wp","href":"https:\/\/api.w.org\/{rel}","templated":true}]}}