{"id":574,"date":"2024-12-18T10:53:38","date_gmt":"2024-12-18T09:53:38","guid":{"rendered":"https:\/\/cercargo.eu\/dokumentumok\/"},"modified":"2026-03-25T10:51:34","modified_gmt":"2026-03-25T09:51:34","slug":"dokumentumok","status":"publish","type":"page","link":"https:\/\/cercargo.eu\/hu\/dokumentumok\/","title":{"rendered":"Dokumentumok"},"content":{"rendered":"\n<ul class=\"wp-block-list\">\n<li><a href=\"https:\/\/cercargo.eu\/wp-content\/uploads\/2026\/03\/ISO_9001-ENG-255111-2018-AQ-BUD-RvA-6-20260121.pdf\">CCH \u00e9rv\u00e9nyes ISO9001 tan\u00fas\u00edtv\u00e1nya\u00a0<\/a><\/li>\n\n\n\n<li><a href=\"https:\/\/cercargo.eu\/wp-content\/uploads\/2026\/03\/Declaration-on-the-implementation-of-measures-following-the-JNS-NP-Gotthard-\u2013-Final-JNS-Report-v4_1-14-Jan-2026.pdf\">Nyilatkozat a JNS Gotthard final report v4.1 14 jan 2026 ut\u00e1ni int\u00e9zked\u00e9sek bevezet\u00e9s\u00e9r\u0151l<\/a><\/li>\n\n\n\n<li><a href=\"https:\/\/cercargo.eu\/wp-content\/uploads\/2024\/12\/CER-HU-Beszallitoi-kezikonyv_2024.pdf\">CER HU Besz\u00e1ll\u00edt\u00f3i k\u00e9zik\u00f6nyv_2024<\/a>\n<ul class=\"wp-block-list\">\n<li>Tisztelt \u00c9rdekl\u0151d\u0151! Amennyiben \u00e9rdekli a teljes dokumentum, legyen sz\u00edves \u00edrjon a&nbsp;<a href=\"mailto:jozsef.kramalics@cercargo.eu\"><strong>jozsef.kramalics@cercargo.eu<\/strong><\/a>&nbsp;email c\u00edmre!<\/li>\n<\/ul>\n<\/li>\n\n\n\n<li><a href=\"https:\/\/cercargo.eu\/wp-content\/uploads\/2024\/12\/CER-HU-Etikai-kodex_2018.pdf\">CER HU Etikai k\u00f3dex_2018<\/a>\n<ul class=\"wp-block-list\">\n<li>Tisztelt \u00c9rdekl\u0151d\u0151! Amennyiben \u00e9rdekli a teljes dokumentum, legyen sz\u00edves \u00edrjon a&nbsp;<a href=\"mailto:jozsef.kramalics@cercargo.eu\"><strong>jozsef.kramalics@cercargo.eu<\/strong><\/a>&nbsp;email c\u00edmre!<\/li>\n<\/ul>\n<\/li>\n\n\n\n<li><a href=\"https:\/\/cercargo.eu\/wp-content\/uploads\/2024\/12\/CER-HU-GDPR-adatkezelesi-szabalyzat_2018.pdf\">CER HU GDPR adatkezel\u00e9si szab\u00e1lyzat_2018<\/a>\n<ul class=\"wp-block-list\">\n<li>Tisztelt \u00c9rdekl\u0151d\u0151! Amennyiben \u00e9rdekli a teljes dokumentum, legyen sz\u00edves \u00edrjon a&nbsp;<a href=\"mailto:jozsef.kramalics@cercargo.eu\"><strong>jozsef.kramalics@cercargo.eu<\/strong><\/a>&nbsp;email c\u00edmre!<\/li>\n<\/ul>\n<\/li>\n\n\n\n<li><a href=\"https:\/\/cercargo.eu\/wp-content\/uploads\/2024\/12\/CER-HU-Visszaeles-bejelento-rendszer_2023.pdf\">CER HU Vissza\u00e9l\u00e9s bejelent\u0151 rendszer_2023<\/a>\n<ul class=\"wp-block-list\">\n<li>Tisztelt \u00c9rdekl\u0151d\u0151! Amennyiben \u00e9rdekli a teljes dokumentum, legyen sz\u00edves \u00edrjon a&nbsp;<a href=\"mailto:jozsef.kramalics@cercargo.eu\"><strong>jozsef.kramalics@cercargo.eu<\/strong><\/a>&nbsp;email c\u00edmre!<\/li>\n<\/ul>\n<\/li>\n\n\n\n<li><a href=\"https:\/\/cercargo.eu\/wp-content\/uploads\/2024\/12\/ISO-14001-2015_2024-HUN_ervenyes.pdf\">ISO 14001-2015_2024 HUN_\u00e9rv\u00e9nyes<\/a><\/li>\n\n\n\n<li><a href=\"https:\/\/cercargo.eu\/wp-content\/uploads\/2024\/12\/ISO-45001-2018_2024-HUN_ervenyes.pdf\">ISO 45001-2018_2024 HUN_\u00e9rv\u00e9nyes<\/a><\/li>\n<\/ul>\n\n\n\n<p><\/p>\n","protected":false},"excerpt":{"rendered":"","protected":false},"author":1,"featured_media":0,"parent":0,"menu_order":0,"comment_status":"closed","ping_status":"closed","template":"template-parts\/page-general.php","meta":{"_acf_changed":false,"footnotes":""},"class_list":["post-574","page","type-page","status-publish","hentry"],"acf":[],"yoast_head":"<!-- This site is optimized with the Yoast SEO plugin v26.8 - https:\/\/yoast.com\/product\/yoast-seo-wordpress\/ -->\n<title>Dokumentumok - Cercargo<\/title>\n<meta name=\"robots\" content=\"index, follow, max-snippet:-1, max-image-preview:large, max-video-preview:-1\" \/>\n<link rel=\"canonical\" href=\"https:\/\/cercargo.eu\/hu\/dokumentumok\/\" \/>\n<meta property=\"og:locale\" content=\"hu_HU\" \/>\n<meta property=\"og:type\" content=\"article\" \/>\n<meta property=\"og:title\" content=\"Dokumentumok - Cercargo\" \/>\n<meta property=\"og:url\" content=\"https:\/\/cercargo.eu\/hu\/dokumentumok\/\" \/>\n<meta property=\"og:site_name\" content=\"Cercargo\" \/>\n<meta property=\"article:modified_time\" content=\"2026-03-25T09:51:34+00:00\" \/>\n<meta name=\"twitter:card\" content=\"summary_large_image\" \/>\n<meta name=\"twitter:label1\" content=\"Becs\u00fclt olvas\u00e1si id\u0151\" \/>\n\t<meta name=\"twitter:data1\" content=\"1 perc\" \/>\n<script type=\"application\/ld+json\" class=\"yoast-schema-graph\">{\"@context\":\"https:\/\/schema.org\",\"@graph\":[{\"@type\":\"WebPage\",\"@id\":\"https:\/\/cercargo.eu\/hu\/dokumentumok\/\",\"url\":\"https:\/\/cercargo.eu\/hu\/dokumentumok\/\",\"name\":\"Dokumentumok - Cercargo\",\"isPartOf\":{\"@id\":\"https:\/\/cercargo.eu\/#website\"},\"datePublished\":\"2024-12-18T09:53:38+00:00\",\"dateModified\":\"2026-03-25T09:51:34+00:00\",\"breadcrumb\":{\"@id\":\"https:\/\/cercargo.eu\/hu\/dokumentumok\/#breadcrumb\"},\"inLanguage\":\"hu\",\"potentialAction\":[{\"@type\":\"ReadAction\",\"target\":[\"https:\/\/cercargo.eu\/hu\/dokumentumok\/\"]}]},{\"@type\":\"BreadcrumbList\",\"@id\":\"https:\/\/cercargo.eu\/hu\/dokumentumok\/#breadcrumb\",\"itemListElement\":[{\"@type\":\"ListItem\",\"position\":1,\"name\":\"Home\",\"item\":\"https:\/\/cercargo.eu\/hu\/\"},{\"@type\":\"ListItem\",\"position\":2,\"name\":\"Dokumentumok\"}]},{\"@type\":\"WebSite\",\"@id\":\"https:\/\/cercargo.eu\/#website\",\"url\":\"https:\/\/cercargo.eu\/\",\"name\":\"Cercargo\",\"description\":\"\",\"publisher\":{\"@id\":\"https:\/\/cercargo.eu\/#organization\"},\"potentialAction\":[{\"@type\":\"SearchAction\",\"target\":{\"@type\":\"EntryPoint\",\"urlTemplate\":\"https:\/\/cercargo.eu\/?s={search_term_string}\"},\"query-input\":{\"@type\":\"PropertyValueSpecification\",\"valueRequired\":true,\"valueName\":\"search_term_string\"}}],\"inLanguage\":\"hu\"},{\"@type\":\"Organization\",\"@id\":\"https:\/\/cercargo.eu\/#organization\",\"name\":\"Cercargo - Central European Railways\",\"url\":\"https:\/\/cercargo.eu\/\",\"logo\":{\"@type\":\"ImageObject\",\"inLanguage\":\"hu\",\"@id\":\"https:\/\/cercargo.eu\/#\/schema\/logo\/image\/\",\"url\":\"https:\/\/cercargo.eu\/wp-content\/uploads\/2023\/11\/android-chrome-512x512-1.png\",\"contentUrl\":\"https:\/\/cercargo.eu\/wp-content\/uploads\/2023\/11\/android-chrome-512x512-1.png\",\"width\":512,\"height\":512,\"caption\":\"Cercargo - Central European Railways\"},\"image\":{\"@id\":\"https:\/\/cercargo.eu\/#\/schema\/logo\/image\/\"},\"sameAs\":[\"https:\/\/www.linkedin.com\/company\/cer-cargo\/\"]}]}<\/script>\n<!-- \/ Yoast SEO plugin. -->","yoast_head_json":{"title":"Dokumentumok - Cercargo","robots":{"index":"index","follow":"follow","max-snippet":"max-snippet:-1","max-image-preview":"max-image-preview:large","max-video-preview":"max-video-preview:-1"},"canonical":"https:\/\/cercargo.eu\/hu\/dokumentumok\/","og_locale":"hu_HU","og_type":"article","og_title":"Dokumentumok - Cercargo","og_url":"https:\/\/cercargo.eu\/hu\/dokumentumok\/","og_site_name":"Cercargo","article_modified_time":"2026-03-25T09:51:34+00:00","twitter_card":"summary_large_image","twitter_misc":{"Becs\u00fclt olvas\u00e1si id\u0151":"1 perc"},"schema":{"@context":"https:\/\/schema.org","@graph":[{"@type":"WebPage","@id":"https:\/\/cercargo.eu\/hu\/dokumentumok\/","url":"https:\/\/cercargo.eu\/hu\/dokumentumok\/","name":"Dokumentumok - Cercargo","isPartOf":{"@id":"https:\/\/cercargo.eu\/#website"},"datePublished":"2024-12-18T09:53:38+00:00","dateModified":"2026-03-25T09:51:34+00:00","breadcrumb":{"@id":"https:\/\/cercargo.eu\/hu\/dokumentumok\/#breadcrumb"},"inLanguage":"hu","potentialAction":[{"@type":"ReadAction","target":["https:\/\/cercargo.eu\/hu\/dokumentumok\/"]}]},{"@type":"BreadcrumbList","@id":"https:\/\/cercargo.eu\/hu\/dokumentumok\/#breadcrumb","itemListElement":[{"@type":"ListItem","position":1,"name":"Home","item":"https:\/\/cercargo.eu\/hu\/"},{"@type":"ListItem","position":2,"name":"Dokumentumok"}]},{"@type":"WebSite","@id":"https:\/\/cercargo.eu\/#website","url":"https:\/\/cercargo.eu\/","name":"Cercargo","description":"","publisher":{"@id":"https:\/\/cercargo.eu\/#organization"},"potentialAction":[{"@type":"SearchAction","target":{"@type":"EntryPoint","urlTemplate":"https:\/\/cercargo.eu\/?s={search_term_string}"},"query-input":{"@type":"PropertyValueSpecification","valueRequired":true,"valueName":"search_term_string"}}],"inLanguage":"hu"},{"@type":"Organization","@id":"https:\/\/cercargo.eu\/#organization","name":"Cercargo - Central European Railways","url":"https:\/\/cercargo.eu\/","logo":{"@type":"ImageObject","inLanguage":"hu","@id":"https:\/\/cercargo.eu\/#\/schema\/logo\/image\/","url":"https:\/\/cercargo.eu\/wp-content\/uploads\/2023\/11\/android-chrome-512x512-1.png","contentUrl":"https:\/\/cercargo.eu\/wp-content\/uploads\/2023\/11\/android-chrome-512x512-1.png","width":512,"height":512,"caption":"Cercargo - Central European Railways"},"image":{"@id":"https:\/\/cercargo.eu\/#\/schema\/logo\/image\/"},"sameAs":["https:\/\/www.linkedin.com\/company\/cer-cargo\/"]}]}},"_links":{"self":[{"href":"https:\/\/cercargo.eu\/hu\/wp-json\/wp\/v2\/pages\/574","targetHints":{"allow":["GET"]}}],"collection":[{"href":"https:\/\/cercargo.eu\/hu\/wp-json\/wp\/v2\/pages"}],"about":[{"href":"https:\/\/cercargo.eu\/hu\/wp-json\/wp\/v2\/types\/page"}],"author":[{"embeddable":true,"href":"https:\/\/cercargo.eu\/hu\/wp-json\/wp\/v2\/users\/1"}],"replies":[{"embeddable":true,"href":"https:\/\/cercargo.eu\/hu\/wp-json\/wp\/v2\/comments?post=574"}],"version-history":[{"count":5,"href":"https:\/\/cercargo.eu\/hu\/wp-json\/wp\/v2\/pages\/574\/revisions"}],"predecessor-version":[{"id":787,"href":"https:\/\/cercargo.eu\/hu\/wp-json\/wp\/v2\/pages\/574\/revisions\/787"}],"wp:attachment":[{"href":"https:\/\/cercargo.eu\/hu\/wp-json\/wp\/v2\/media?parent=574"}],"curies":[{"name":"wp","href":"https:\/\/api.w.org\/{rel}","templated":true}]}}